{"id":34,"date":"2014-08-21T23:23:40","date_gmt":"2014-08-21T21:23:40","guid":{"rendered":"http:\/\/web286.sr47.firestorm.ch\/spinnen\/?page_id=34"},"modified":"2014-11-30T14:23:25","modified_gmt":"2014-11-30T12:23:25","slug":"haltung","status":"publish","type":"page","link":"https:\/\/theraphosidae.ch\/?page_id=34","title":{"rendered":"HALTUNG"},"content":{"rendered":"<p>Ich m\u00f6chte hier im Artenteil nicht im Detail auf die Biologie der Vogelspinne eingehen. Beschreibungen des Aufbaus, der Fortpflanzung usw. sind in der sehr gut sortierten Fachliteratur zu finden.<\/p>\n<p><strong>Vogelspinnen<\/strong> (Theraphosidae) sind eine Familie in der <a href=\"http:\/\/de.wikipedia.org\/wiki\/Ordnung_(Biologie)\" target=\"_blank\">Unterordnung<\/a> der <a href=\"http:\/\/de.wikipedia.org\/wiki\/Vogelspinnenartige\" target=\"_blank\">Vogelspinnenartigen<\/a> (Mygalomorphae) mit 947 bisher beschriebenen Arten in 125 Gattungen (Stand 31. Dezember 2013). Vogelspinnen traten bereits im <a href=\"http:\/\/de.wikipedia.org\/wiki\/Karbon_(Geologie)\" target=\"_blank\">Karbon<\/a> vor 350 Millionen Jahren auf. Ihr Lebensraum sind vorrangig tropische bis subtropische Klimazonen. Umgangssprachlich werden unter dem Begriff \u201eVogelspinnen\u201c manchmal auch Vertreter anderer Vogelspinnenartiger bezeichnet.<\/p>\n<p>Ihren deutschen Namen &#8222;Vogelspinne\u201c verdanken sie wahrscheinlich der ber\u00fchmten Naturforscherin und K\u00fcnstlerin <a href=\"http:\/\/de.wikipedia.org\/wiki\/Maria_Sibylla_Merian\" target=\"_blank\">Maria Sibylla Merian<\/a>. Ihre Eindr\u00fccke von einer Reise nach Surinam ver\u00f6ffentlichte sie 1705 in dem Werk <a href=\"http:\/\/de.wikipedia.org\/wiki\/Metamorphosis_insectorum_Surinamensium\" target=\"_blank\">Metamorphosis insectorum Surinamensium<\/a>. Auf Seite 18 ist darin eine Illustration zu finden mit einer gro\u00dfen Spinne, die, auf einem Ast sitzend, einen Kolibri verspeist. Dies inspirierte wiederum <a href=\"http:\/\/de.wikipedia.org\/wiki\/Carl_von_Linn%C3%A9\" target=\"_blank\">Carl von Linn\u00e9<\/a> 1758 eine Spinne mit dem wissenschaftlichen Namen <em>Aranea avicularia<\/em> zu beschreiben [heute: <em>Avicularia avicularia<\/em> (Linnaeus, 1758)].<\/p>\n<p><a href=\"http:\/\/web286.sr47.firestorm.ch\/spinnen\/wp-content\/uploads\/2014\/08\/800px-Avicularia-avicularia.jpg\"><img loading=\"lazy\" decoding=\"async\" class=\"aligncenter size-medium wp-image-567\" src=\"http:\/\/web286.sr47.firestorm.ch\/spinnen\/wp-content\/uploads\/2014\/08\/800px-Avicularia-avicularia-241x300.jpg\" alt=\"800px-Avicularia-avicularia\" width=\"241\" height=\"300\" srcset=\"https:\/\/theraphosidae.ch\/wp-content\/uploads\/2014\/08\/800px-Avicularia-avicularia-241x300.jpg 241w, https:\/\/theraphosidae.ch\/wp-content\/uploads\/2014\/08\/800px-Avicularia-avicularia.jpg 800w\" sizes=\"auto, (max-width: 241px) 100vw, 241px\" \/><\/a><\/p>\n<h3>Beute<\/h3>\n<p>Vogelspinnen fressen alles, was sie \u00fcberw\u00e4ltigen k\u00f6nnen. In der Regel sind das gr\u00f6\u00dfere <a href=\"http:\/\/de.wikipedia.org\/wiki\/Insekten\" target=\"_blank\">Insekten<\/a> wie Grillen, <a href=\"http:\/\/de.wikipedia.org\/wiki\/Schabe\" target=\"_blank\">Schaben<\/a> und <a href=\"http:\/\/de.wikipedia.org\/wiki\/Heuschrecken\" target=\"_blank\">Heuschrecken<\/a>. <a href=\"http:\/\/web286.sr47.firestorm.ch\/spinnen\/wp-content\/uploads\/2014\/08\/Schaben_01_1024.jpg\"><img loading=\"lazy\" decoding=\"async\" class=\"aligncenter size-medium wp-image-199\" src=\"http:\/\/web286.sr47.firestorm.ch\/spinnen\/wp-content\/uploads\/2014\/08\/Schaben_01_1024-300x200.jpg\" alt=\"Schaben_01_1024\" width=\"300\" height=\"200\" srcset=\"https:\/\/theraphosidae.ch\/wp-content\/uploads\/2014\/08\/Schaben_01_1024-300x200.jpg 300w, https:\/\/theraphosidae.ch\/wp-content\/uploads\/2014\/08\/Schaben_01_1024-570x380.jpg 570w, https:\/\/theraphosidae.ch\/wp-content\/uploads\/2014\/08\/Schaben_01_1024-380x254.jpg 380w, https:\/\/theraphosidae.ch\/wp-content\/uploads\/2014\/08\/Schaben_01_1024-285x190.jpg 285w, https:\/\/theraphosidae.ch\/wp-content\/uploads\/2014\/08\/Schaben_01_1024.jpg 1024w\" sizes=\"auto, (max-width: 300px) 100vw, 300px\" \/><\/a>Aber auch Tausendf\u00fc\u00dfer und <a href=\"http:\/\/de.wikipedia.org\/wiki\/Skorpion\" target=\"_blank\">Skorpione<\/a> geh\u00f6ren zum Beutespektrum. Gro\u00dfe Vogelspinnenarten machen Jagd auf kleine <a href=\"http:\/\/de.wikipedia.org\/wiki\/Echsen\" target=\"_blank\">Echsen<\/a> und kleine <a href=\"http:\/\/de.wikipedia.org\/wiki\/Nagetier\" target=\"_blank\">Nagetiere<\/a>, selten kleine (Gift-)<a href=\"http:\/\/de.wikipedia.org\/wiki\/Schlangen\" target=\"_blank\">Schlangen<\/a>. Nestjunge oder kranke V\u00f6gel werden mitunter ebenfalls \u00fcberw\u00e4ltigt. Gesunde V\u00f6gel geh\u00f6ren trotz ihres Namens nur selten zur Beute von Vogelspinnen.<\/p>\n<p><a href=\"http:\/\/web286.sr47.firestorm.ch\/spinnen\/wp-content\/uploads\/2014\/08\/Avicularia_-geroldi_01.jpg\"><img loading=\"lazy\" decoding=\"async\" class=\"aligncenter size-medium wp-image-472\" src=\"http:\/\/web286.sr47.firestorm.ch\/spinnen\/wp-content\/uploads\/2014\/08\/Avicularia_-geroldi_01-225x300.jpg\" alt=\"Avicularia_ geroldi_01\" width=\"225\" height=\"300\" srcset=\"https:\/\/theraphosidae.ch\/wp-content\/uploads\/2014\/08\/Avicularia_-geroldi_01-225x300.jpg 225w, https:\/\/theraphosidae.ch\/wp-content\/uploads\/2014\/08\/Avicularia_-geroldi_01.jpg 768w\" sizes=\"auto, (max-width: 225px) 100vw, 225px\" \/><\/a><\/p>\n<h3>Nat\u00fcrliche Feinde<\/h3>\n<p>Zu den nat\u00fcrlichen Feinden der Vogelspinnen z\u00e4hlt in Afrika die <a href=\"http:\/\/de.wikipedia.org\/wiki\/Wegwespen\" target=\"_blank\">Wegwespe<\/a> aus der Gattung der <a href=\"http:\/\/de.wikipedia.org\/w\/index.php?title=Pepsis&amp;action=edit&amp;redlink=1\" target=\"_blank\">Pepsis<\/a>, in Amerika <a href=\"http:\/\/de.wikipedia.org\/wiki\/Pepsis_formosa\" target=\"_blank\">Pepsis formosa<\/a>. Mancherorts z\u00e4hlen <a href=\"http:\/\/de.wikipedia.org\/wiki\/Hundertf%C3%BC%C3%9Fer\" target=\"_blank\">Hundertf\u00fc\u00dfer<\/a> und <a href=\"http:\/\/de.wikipedia.org\/wiki\/Skorpione\" target=\"_blank\">Skorpione<\/a> zu den Fressfeinden. Auch kleine r\u00e4uberische Wirbeltiere wie etwa die afrikanischen <a href=\"http:\/\/de.wikipedia.org\/wiki\/Mangusten\" target=\"_blank\">Mangusten<\/a> erbeuten gelegentlich Vogelspinnen. <a href=\"http:\/\/de.wikipedia.org\/wiki\/Wanderameisen\" target=\"_blank\">Wanderameisen<\/a> fallen bei ihren Beutez\u00fcgen \u00fcber alles her, was nicht flieht, auch Spinnen jeglicher Gr\u00f6\u00dfe und Art.<\/p>\n<p>Einige neuweltliche (amerikanische) Vogelspinnen besitzen zus\u00e4tzlich zur Verteidigung so genannte Brennhaare auf ihrem Hinterleib, die mit Widerhaken besetzt sind. Potenziellen Feinden werden diese mit raschen Bewegungen der hinteren Beinpaare entgegengeschleudert (sog. Bombardieren), oder sie dienen als passive Verteidigung, indem sie sich bei Ber\u00fchrung abl\u00f6sen. In Schleimh\u00e4uten und Augen k\u00f6nnen die Brennhaare zu Entz\u00fcndungen f\u00fchren, bei wiederholtem Kontakt mit Brennhaaren kann es aber auch zu allergischen Reaktionen kommen. Auf der Haut f\u00fchren die Haare zu unangenehmem Juckreiz. Einige <a href=\"http:\/\/de.wikipedia.org\/wiki\/Avicularia\" target=\"_blank\">Avicularia<\/a>-Arten spritzen dem vermeintlichen Angreifer Kotfl\u00fcssigkeit entgegen.<\/p>\n<h3>\u201eUnnat\u00fcrliche\u201c Feinde<\/h3>\n<p>F\u00fcr die in Terrarien gehaltenen Vogelspinnen z\u00e4hlen unter anderem Duftkerzen, Duftstecker und Insektenvernichtungsmittel (z.B. Zecken-\/Flohhalsb\u00e4nder von Hunden oder Katzen) zu den \u201eHauptfeinden\u201c. Auch schlecht gepflegte Terrarien mit Pilzbildung aufgrund von Futterresten k\u00f6nnen Krankheiten und sogar den Tod der Tiere zur Folge haben. Ein absoluter t\u00f6dlicher Feind f\u00fcr alle Vogelspinnen sind Nematoden. Ist ein grosser Bestand mit diesen Fadenw\u00fcrmern befallen, ist eine Rettung praktisch nicht mehr m\u00f6glich.<\/p>\n","protected":false},"excerpt":{"rendered":"<p>Ich m\u00f6chte hier im Artenteil nicht im Detail auf die Biologie der Vogelspinne eingehen. Beschreibungen des Aufbaus, der Fortpflanzung usw. sind in der sehr gut sortierten Fachliteratur zu finden. Vogelspinnen (Theraphosidae) sind eine Familie in der Unterordnung der Vogelspinnenartigen (Mygalomorphae) mit 947 bisher beschriebenen Arten in 125 Gattungen (Stand 31. Dezember 2013). Vogelspinnen traten bereits [&hellip;]<\/p>\n","protected":false},"author":3,"featured_media":0,"parent":0,"menu_order":0,"comment_status":"closed","ping_status":"closed","template":"","meta":{"ngg_post_thumbnail":0,"footnotes":""},"class_list":["post-34","page","type-page","status-publish","hentry"],"_links":{"self":[{"href":"https:\/\/theraphosidae.ch\/index.php?rest_route=\/wp\/v2\/pages\/34","targetHints":{"allow":["GET"]}}],"collection":[{"href":"https:\/\/theraphosidae.ch\/index.php?rest_route=\/wp\/v2\/pages"}],"about":[{"href":"https:\/\/theraphosidae.ch\/index.php?rest_route=\/wp\/v2\/types\/page"}],"author":[{"embeddable":true,"href":"https:\/\/theraphosidae.ch\/index.php?rest_route=\/wp\/v2\/users\/3"}],"replies":[{"embeddable":true,"href":"https:\/\/theraphosidae.ch\/index.php?rest_route=%2Fwp%2Fv2%2Fcomments&post=34"}],"version-history":[{"count":14,"href":"https:\/\/theraphosidae.ch\/index.php?rest_route=\/wp\/v2\/pages\/34\/revisions"}],"predecessor-version":[{"id":549,"href":"https:\/\/theraphosidae.ch\/index.php?rest_route=\/wp\/v2\/pages\/34\/revisions\/549"}],"wp:attachment":[{"href":"https:\/\/theraphosidae.ch\/index.php?rest_route=%2Fwp%2Fv2%2Fmedia&parent=34"}],"curies":[{"name":"wp","href":"https:\/\/api.w.org\/{rel}","templated":true}]}}