{"id":1141,"date":"2015-03-08T14:10:15","date_gmt":"2015-03-08T12:10:15","guid":{"rendered":"https:\/\/theraphosidae.ch\/?page_id=1141"},"modified":"2024-10-27T13:26:06","modified_gmt":"2024-10-27T11:26:06","slug":"ich-suche","status":"publish","type":"page","link":"https:\/\/theraphosidae.ch\/?page_id=1141","title":{"rendered":"ICH SUCHE"},"content":{"rendered":"<p>Um meinen Bestand zu erweitern bin ich auf der Suche nach folgenden Theraphosidae:<\/p>\n<p><span style=\"color: #ff00ff;\"><strong>Weibchen:<\/strong><\/span><\/p>\n<p style=\"text-align: left;\">0.1 Avicularia azzuraklassi<\/p>\n<p style=\"text-align: left;\">0.1 Xenesthis spec. white<\/p>\n<p>0.1 Megaphobema robusta<\/p>\n<p><span style=\"color: #3366ff;\"><strong>M\u00e4nnchen:<\/strong><\/span><\/p>\n<p><strong>Wir sind immer auf der Suche nach diversen Avicularia-, Poecilotheria- und Xenesthis B\u00f6cken, auch ein Megaphobema mesomelas Bock w\u00e4re sehr willkommen<\/strong><\/p>\n<p>&nbsp;<\/p>\n<p>&nbsp;<\/p>\n<p>Wenn Du mir&nbsp; eine Nachricht schreiben m\u00f6chtest, geht das \u00fcbrigens am einfachsten mit dem <a title=\"KONTAKT\" href=\"https:\/\/theraphosidae.ch\/?page_id=71\">Feedback Formular<\/a>.<\/p>\n\n","protected":false},"excerpt":{"rendered":"<p>Um meinen Bestand zu erweitern bin ich auf der Suche nach folgenden Theraphosidae: Weibchen: 0.1 Avicularia azzuraklassi 0.1 Xenesthis spec. white 0.1 Megaphobema robusta M\u00e4nnchen: Wir sind immer auf der Suche nach diversen Avicularia-, Poecilotheria- und Xenesthis B\u00f6cken, auch ein Megaphobema mesomelas Bock w\u00e4re sehr willkommen &nbsp; &nbsp; Wenn Du mir&nbsp; eine Nachricht schreiben m\u00f6chtest, [&hellip;]<\/p>\n","protected":false},"author":1,"featured_media":0,"parent":0,"menu_order":0,"comment_status":"closed","ping_status":"closed","template":"","meta":{"ngg_post_thumbnail":0,"footnotes":""},"class_list":["post-1141","page","type-page","status-publish","hentry"],"_links":{"self":[{"href":"https:\/\/theraphosidae.ch\/index.php?rest_route=\/wp\/v2\/pages\/1141","targetHints":{"allow":["GET"]}}],"collection":[{"href":"https:\/\/theraphosidae.ch\/index.php?rest_route=\/wp\/v2\/pages"}],"about":[{"href":"https:\/\/theraphosidae.ch\/index.php?rest_route=\/wp\/v2\/types\/page"}],"author":[{"embeddable":true,"href":"https:\/\/theraphosidae.ch\/index.php?rest_route=\/wp\/v2\/users\/1"}],"replies":[{"embeddable":true,"href":"https:\/\/theraphosidae.ch\/index.php?rest_route=%2Fwp%2Fv2%2Fcomments&post=1141"}],"version-history":[{"count":34,"href":"https:\/\/theraphosidae.ch\/index.php?rest_route=\/wp\/v2\/pages\/1141\/revisions"}],"predecessor-version":[{"id":1752,"href":"https:\/\/theraphosidae.ch\/index.php?rest_route=\/wp\/v2\/pages\/1141\/revisions\/1752"}],"wp:attachment":[{"href":"https:\/\/theraphosidae.ch\/index.php?rest_route=%2Fwp%2Fv2%2Fmedia&parent=1141"}],"curies":[{"name":"wp","href":"https:\/\/api.w.org\/{rel}","templated":true}]}}